{"id":165,"date":"2025-06-16T19:55:45","date_gmt":"2025-06-16T17:55:45","guid":{"rendered":"https:\/\/lndigicrea.fr\/?page_id=165"},"modified":"2025-06-17T17:52:07","modified_gmt":"2025-06-17T15:52:07","slug":"politique-de-confidentialite","status":"publish","type":"page","link":"https:\/\/lndigicrea.fr\/?page_id=165","title":{"rendered":"R\u00e9glementation"},"content":{"rendered":"\n<h2 class=\"wp-block-heading has-text-align-center has-link-color has-text-color wp-elements-e8fec09cb0381484426ca02b06ccbe80\" id=\"R\u00e9gles\" style=\"padding-top:var(--wp--preset--spacing--50);padding-bottom:var(--wp--preset--spacing--50);text-decoration:underline;text-transform:capitalize\">Mentions L\u00e9gales &amp; Politique de confidentialit\u00e9<\/h2>\n\n\n\n<div data-wp-interactive=\"core\/file\" class=\"wp-block-file aligncenter\" style=\"margin-right:0;margin-left:0;padding-top:0;padding-right:var(--wp--preset--spacing--80);padding-bottom:0;padding-left:var(--wp--preset--spacing--80)\"><object data-wp-bind--hidden=\"!state.hasPdfPreview\" hidden class=\"wp-block-file__embed\" data=\"https:\/\/lndigicrea.fr\/wp-content\/uploads\/2025\/06\/Mentions-legales-et-politique-de-confidentialite.pdf\" type=\"application\/pdf\" style=\"width:100%;height:200px\" aria-label=\"Contenu embarqu\u00e9 Mentions l\u00e9gales et politique de confidentialit\u00e9.\"><\/object><a id=\"wp-block-file--media-b1dd317c-2548-4204-98b6-f13d2e2974c1\" href=\"https:\/\/lndigicrea.fr\/wp-content\/uploads\/2025\/06\/Mentions-legales-et-politique-de-confidentialite.pdf\">Mentions l\u00e9gales et politique de confidentialit\u00e9<\/a><a href=\"https:\/\/lndigicrea.fr\/wp-content\/uploads\/2025\/06\/Mentions-legales-et-politique-de-confidentialite.pdf\" class=\"wp-block-file__button wp-element-button\" download aria-describedby=\"wp-block-file--media-b1dd317c-2548-4204-98b6-f13d2e2974c1\">T\u00e9l\u00e9charger<\/a><\/div>\n\n\n\n<hr class=\"wp-block-separator aligncenter has-alpha-channel-opacity is-style-wide\" style=\"margin-top:var(--wp--preset--spacing--80);margin-bottom:var(--wp--preset--spacing--80)\"\/>\n\n\n\n<h2 class=\"wp-block-heading has-text-align-center has-background-color has-text-color has-link-color wp-elements-6a57ee9a550adbf71f6fa19fd1b37366\" style=\"margin-top:var(--wp--preset--spacing--60);margin-bottom:var(--wp--preset--spacing--60);text-decoration:underline\">Conditions G\u00e9n\u00e9rales de Ventes des Prestations de Services<\/h2>\n\n\n\n<div data-wp-interactive=\"core\/file\" class=\"wp-block-file aligncenter\" style=\"padding-right:var(--wp--preset--spacing--80);padding-left:var(--wp--preset--spacing--80)\"><object data-wp-bind--hidden=\"!state.hasPdfPreview\" hidden class=\"wp-block-file__embed\" data=\"https:\/\/lndigicrea.fr\/wp-content\/uploads\/2025\/06\/CGV-prestations-de-services-en-ligne-entre-professionnels.pdf\" type=\"application\/pdf\" style=\"width:100%;height:200px\" aria-label=\"Contenu embarqu\u00e9 CGV prestations de services en ligne entre professionnels.\"><\/object><a id=\"wp-block-file--media-add79a4f-5630-4419-84a9-498f5693e46f\" href=\"https:\/\/lndigicrea.fr\/wp-content\/uploads\/2025\/06\/CGV-prestations-de-services-en-ligne-entre-professionnels.pdf\">CGV prestations de services en ligne entre professionnels<\/a><a href=\"https:\/\/lndigicrea.fr\/wp-content\/uploads\/2025\/06\/CGV-prestations-de-services-en-ligne-entre-professionnels.pdf\" class=\"wp-block-file__button wp-element-button\" download aria-describedby=\"wp-block-file--media-add79a4f-5630-4419-84a9-498f5693e46f\">T\u00e9l\u00e9charger<\/a><\/div>\n\n\n\n<figure class=\"wp-block-image aligncenter size-full is-style-rounded\" style=\"margin-top:var(--wp--preset--spacing--80);margin-bottom:var(--wp--preset--spacing--80)\"><img loading=\"lazy\" decoding=\"async\" width=\"500\" height=\"500\" src=\"https:\/\/lndigicrea.fr\/wp-content\/uploads\/2025\/05\/Niio.png\" alt=\"\" class=\"wp-image-42\" srcset=\"https:\/\/lndigicrea.fr\/wp-content\/uploads\/2025\/05\/Niio.png 500w, https:\/\/lndigicrea.fr\/wp-content\/uploads\/2025\/05\/Niio-300x300.png 300w, https:\/\/lndigicrea.fr\/wp-content\/uploads\/2025\/05\/Niio-150x150.png 150w\" sizes=\"auto, (max-width: 500px) 100vw, 500px\" \/><\/figure>\n","protected":false},"excerpt":{"rendered":"<p>Mentions L\u00e9gales &amp; Politique de confidentialit\u00e9 Conditions G\u00e9n\u00e9rales de Ventes des Prestations de Services<\/p>\n","protected":false},"author":1,"featured_media":0,"parent":0,"menu_order":0,"comment_status":"closed","ping_status":"closed","template":"","meta":{"footnotes":""},"class_list":["post-165","page","type-page","status-publish","hentry"],"yoast_head":"<!-- This site is optimized with the Yoast SEO plugin v27.3 - https:\/\/yoast.com\/product\/yoast-seo-wordpress\/ -->\n<title>R\u00e9glementation | Provenza Creazione<\/title>\n<meta name=\"robots\" content=\"index, follow, max-snippet:-1, max-image-preview:large, max-video-preview:-1\" \/>\n<link rel=\"canonical\" href=\"https:\/\/lndigicrea.fr\/?page_id=165\" \/>\n<meta property=\"og:locale\" content=\"fr_FR\" \/>\n<meta property=\"og:type\" content=\"article\" \/>\n<meta property=\"og:title\" content=\"R\u00e9glementation | Provenza Creazione\" \/>\n<meta property=\"og:description\" content=\"Mentions L\u00e9gales &amp; Politique de confidentialit\u00e9 Conditions G\u00e9n\u00e9rales de Ventes des Prestations de Services\" \/>\n<meta property=\"og:url\" content=\"https:\/\/lndigicrea.fr\/?page_id=165\" \/>\n<meta property=\"og:site_name\" content=\"Provenza Creazione\" \/>\n<meta property=\"article:modified_time\" content=\"2025-06-17T15:52:07+00:00\" \/>\n<meta property=\"og:image\" content=\"https:\/\/lndigicrea.fr\/wp-content\/uploads\/2025\/05\/Niio.png\" \/>\n\t<meta property=\"og:image:width\" content=\"500\" \/>\n\t<meta property=\"og:image:height\" content=\"500\" \/>\n\t<meta property=\"og:image:type\" content=\"image\/png\" \/>\n<meta name=\"twitter:card\" content=\"summary_large_image\" \/>\n<script type=\"application\/ld+json\" class=\"yoast-schema-graph\">{\"@context\":\"https:\\\/\\\/schema.org\",\"@graph\":[{\"@type\":\"WebPage\",\"@id\":\"https:\\\/\\\/lndigicrea.fr\\\/?page_id=165\",\"url\":\"https:\\\/\\\/lndigicrea.fr\\\/?page_id=165\",\"name\":\"R\u00e9glementation | Provenza Creazione\",\"isPartOf\":{\"@id\":\"https:\\\/\\\/lndigicrea.fr\\\/#website\"},\"primaryImageOfPage\":{\"@id\":\"https:\\\/\\\/lndigicrea.fr\\\/?page_id=165#primaryimage\"},\"image\":{\"@id\":\"https:\\\/\\\/lndigicrea.fr\\\/?page_id=165#primaryimage\"},\"thumbnailUrl\":\"https:\\\/\\\/lndigicrea.fr\\\/wp-content\\\/uploads\\\/2025\\\/05\\\/Niio.png\",\"datePublished\":\"2025-06-16T17:55:45+00:00\",\"dateModified\":\"2025-06-17T15:52:07+00:00\",\"breadcrumb\":{\"@id\":\"https:\\\/\\\/lndigicrea.fr\\\/?page_id=165#breadcrumb\"},\"inLanguage\":\"fr-FR\",\"potentialAction\":[{\"@type\":\"ReadAction\",\"target\":[\"https:\\\/\\\/lndigicrea.fr\\\/?page_id=165\"]}]},{\"@type\":\"ImageObject\",\"inLanguage\":\"fr-FR\",\"@id\":\"https:\\\/\\\/lndigicrea.fr\\\/?page_id=165#primaryimage\",\"url\":\"https:\\\/\\\/lndigicrea.fr\\\/wp-content\\\/uploads\\\/2025\\\/05\\\/Niio.png\",\"contentUrl\":\"https:\\\/\\\/lndigicrea.fr\\\/wp-content\\\/uploads\\\/2025\\\/05\\\/Niio.png\",\"width\":500,\"height\":500},{\"@type\":\"BreadcrumbList\",\"@id\":\"https:\\\/\\\/lndigicrea.fr\\\/?page_id=165#breadcrumb\",\"itemListElement\":[{\"@type\":\"ListItem\",\"position\":1,\"name\":\"Accueil\",\"item\":\"https:\\\/\\\/lndigicrea.fr\\\/\"},{\"@type\":\"ListItem\",\"position\":2,\"name\":\"R\u00e9glementation\"}]},{\"@type\":\"WebSite\",\"@id\":\"https:\\\/\\\/lndigicrea.fr\\\/#website\",\"url\":\"https:\\\/\\\/lndigicrea.fr\\\/\",\"name\":\"Provenza Creazione\",\"description\":\"\",\"publisher\":{\"@id\":\"https:\\\/\\\/lndigicrea.fr\\\/#organization\"},\"potentialAction\":[{\"@type\":\"SearchAction\",\"target\":{\"@type\":\"EntryPoint\",\"urlTemplate\":\"https:\\\/\\\/lndigicrea.fr\\\/?s={search_term_string}\"},\"query-input\":{\"@type\":\"PropertyValueSpecification\",\"valueRequired\":true,\"valueName\":\"search_term_string\"}}],\"inLanguage\":\"fr-FR\"},{\"@type\":\"Organization\",\"@id\":\"https:\\\/\\\/lndigicrea.fr\\\/#organization\",\"name\":\"Provenza Creazione\",\"url\":\"https:\\\/\\\/lndigicrea.fr\\\/\",\"logo\":{\"@type\":\"ImageObject\",\"inLanguage\":\"fr-FR\",\"@id\":\"https:\\\/\\\/lndigicrea.fr\\\/#\\\/schema\\\/logo\\\/image\\\/\",\"url\":\"https:\\\/\\\/lndigicrea.fr\\\/wp-content\\\/uploads\\\/2025\\\/05\\\/Niio.png\",\"contentUrl\":\"https:\\\/\\\/lndigicrea.fr\\\/wp-content\\\/uploads\\\/2025\\\/05\\\/Niio.png\",\"width\":500,\"height\":500,\"caption\":\"Provenza Creazione\"},\"image\":{\"@id\":\"https:\\\/\\\/lndigicrea.fr\\\/#\\\/schema\\\/logo\\\/image\\\/\"},\"sameAs\":[\"https:\\\/\\\/www.linkedin.com\\\/in\\\/lisa-nicoli-6aa520192\"]}]}<\/script>\n<!-- \/ Yoast SEO plugin. -->","yoast_head_json":{"title":"R\u00e9glementation | Provenza Creazione","robots":{"index":"index","follow":"follow","max-snippet":"max-snippet:-1","max-image-preview":"max-image-preview:large","max-video-preview":"max-video-preview:-1"},"canonical":"https:\/\/lndigicrea.fr\/?page_id=165","og_locale":"fr_FR","og_type":"article","og_title":"R\u00e9glementation | Provenza Creazione","og_description":"Mentions L\u00e9gales &amp; Politique de confidentialit\u00e9 Conditions G\u00e9n\u00e9rales de Ventes des Prestations de Services","og_url":"https:\/\/lndigicrea.fr\/?page_id=165","og_site_name":"Provenza Creazione","article_modified_time":"2025-06-17T15:52:07+00:00","og_image":[{"width":500,"height":500,"url":"https:\/\/lndigicrea.fr\/wp-content\/uploads\/2025\/05\/Niio.png","type":"image\/png"}],"twitter_card":"summary_large_image","schema":{"@context":"https:\/\/schema.org","@graph":[{"@type":"WebPage","@id":"https:\/\/lndigicrea.fr\/?page_id=165","url":"https:\/\/lndigicrea.fr\/?page_id=165","name":"R\u00e9glementation | Provenza Creazione","isPartOf":{"@id":"https:\/\/lndigicrea.fr\/#website"},"primaryImageOfPage":{"@id":"https:\/\/lndigicrea.fr\/?page_id=165#primaryimage"},"image":{"@id":"https:\/\/lndigicrea.fr\/?page_id=165#primaryimage"},"thumbnailUrl":"https:\/\/lndigicrea.fr\/wp-content\/uploads\/2025\/05\/Niio.png","datePublished":"2025-06-16T17:55:45+00:00","dateModified":"2025-06-17T15:52:07+00:00","breadcrumb":{"@id":"https:\/\/lndigicrea.fr\/?page_id=165#breadcrumb"},"inLanguage":"fr-FR","potentialAction":[{"@type":"ReadAction","target":["https:\/\/lndigicrea.fr\/?page_id=165"]}]},{"@type":"ImageObject","inLanguage":"fr-FR","@id":"https:\/\/lndigicrea.fr\/?page_id=165#primaryimage","url":"https:\/\/lndigicrea.fr\/wp-content\/uploads\/2025\/05\/Niio.png","contentUrl":"https:\/\/lndigicrea.fr\/wp-content\/uploads\/2025\/05\/Niio.png","width":500,"height":500},{"@type":"BreadcrumbList","@id":"https:\/\/lndigicrea.fr\/?page_id=165#breadcrumb","itemListElement":[{"@type":"ListItem","position":1,"name":"Accueil","item":"https:\/\/lndigicrea.fr\/"},{"@type":"ListItem","position":2,"name":"R\u00e9glementation"}]},{"@type":"WebSite","@id":"https:\/\/lndigicrea.fr\/#website","url":"https:\/\/lndigicrea.fr\/","name":"Provenza Creazione","description":"","publisher":{"@id":"https:\/\/lndigicrea.fr\/#organization"},"potentialAction":[{"@type":"SearchAction","target":{"@type":"EntryPoint","urlTemplate":"https:\/\/lndigicrea.fr\/?s={search_term_string}"},"query-input":{"@type":"PropertyValueSpecification","valueRequired":true,"valueName":"search_term_string"}}],"inLanguage":"fr-FR"},{"@type":"Organization","@id":"https:\/\/lndigicrea.fr\/#organization","name":"Provenza Creazione","url":"https:\/\/lndigicrea.fr\/","logo":{"@type":"ImageObject","inLanguage":"fr-FR","@id":"https:\/\/lndigicrea.fr\/#\/schema\/logo\/image\/","url":"https:\/\/lndigicrea.fr\/wp-content\/uploads\/2025\/05\/Niio.png","contentUrl":"https:\/\/lndigicrea.fr\/wp-content\/uploads\/2025\/05\/Niio.png","width":500,"height":500,"caption":"Provenza Creazione"},"image":{"@id":"https:\/\/lndigicrea.fr\/#\/schema\/logo\/image\/"},"sameAs":["https:\/\/www.linkedin.com\/in\/lisa-nicoli-6aa520192"]}]}},"_links":{"self":[{"href":"https:\/\/lndigicrea.fr\/index.php?rest_route=\/wp\/v2\/pages\/165","targetHints":{"allow":["GET"]}}],"collection":[{"href":"https:\/\/lndigicrea.fr\/index.php?rest_route=\/wp\/v2\/pages"}],"about":[{"href":"https:\/\/lndigicrea.fr\/index.php?rest_route=\/wp\/v2\/types\/page"}],"author":[{"embeddable":true,"href":"https:\/\/lndigicrea.fr\/index.php?rest_route=\/wp\/v2\/users\/1"}],"replies":[{"embeddable":true,"href":"https:\/\/lndigicrea.fr\/index.php?rest_route=%2Fwp%2Fv2%2Fcomments&post=165"}],"version-history":[{"count":9,"href":"https:\/\/lndigicrea.fr\/index.php?rest_route=\/wp\/v2\/pages\/165\/revisions"}],"predecessor-version":[{"id":186,"href":"https:\/\/lndigicrea.fr\/index.php?rest_route=\/wp\/v2\/pages\/165\/revisions\/186"}],"wp:attachment":[{"href":"https:\/\/lndigicrea.fr\/index.php?rest_route=%2Fwp%2Fv2%2Fmedia&parent=165"}],"curies":[{"name":"wp","href":"https:\/\/api.w.org\/{rel}","templated":true}]}}